{"id":2266,"date":"2020-12-12T21:25:11","date_gmt":"2020-12-12T17:55:11","guid":{"rendered":"http:\/\/avina.iranfaraweb.com\/?page_id=2266"},"modified":"2021-10-21T23:06:13","modified_gmt":"2021-10-21T19:36:13","slug":"%d8%af%d8%b1%d8%a8%d8%a7%d8%b1%d9%87-%d9%85%d8%a7","status":"publish","type":"page","link":"https:\/\/avina8.ir\/fa\/%d8%af%d8%b1%d8%a8%d8%a7%d8%b1%d9%87-%d9%85%d8%a7\/","title":{"rendered":"\u062f\u0631\u0628\u0627\u0631\u0647 \u0645\u0627"},"content":{"rendered":"<p>[vc_row][vc_column][vc_column_text text_larger=&#8221;no&#8221;]\u062a\u062e\u0635\u0635 \u0645\u0627= \u067e\u06cc\u062f\u0627 \u06a9\u0631\u062f\u0646 \u0645\u0634\u062a\u0631\u06cc\u0627\u0646 \u062e\u0627\u0631\u062c\u06cc<\/p>\n<p>\u0628\u0627\u0632\u0631\u06af\u0627\u0646\u06cc \u0622\u0648\u06cc\u0646\u0627 \u0645\u062a\u062e\u0635\u0635 \u062f\u0631 \u0627\u0645\u0648\u0631 \u0628\u0627\u0632\u0631\u06af\u0627\u0646\u06cc \u0648\u200c \u062a\u062c\u0627\u0631\u06cc<\/p>\n<p>\u2705 \u0628\u0627\u0632\u0627\u0631\u06cc\u0627\u0628\u06cc \u062e\u0627\u0631\u062c\u06cc \u0645\u062d\u0635\u0648\u0644\u0627\u062a \u0634\u0645\u0627<\/p>\n<p>\u2705 \u0627\u0631\u0627\u0626\u0647 \u0645\u0634\u062e\u0635\u0627\u062a \u06a9\u0627\u0645\u0644 \u0647\u0631 \u062e\u0631\u06cc\u062f\u0627\u0631 \u062e\u0627\u0631\u062c\u06cc\u060c<\/p>\n<p>\u2705 \u0627\u0646\u062c\u0627\u0645 \u0645\u06a9\u0627\u062a\u0628\u0627\u062a \u0628\u0627\u0632\u0631\u06af\u0627\u0646\u06cc \u0628\u0635\u0648\u0631\u062a \u062f\u0648\u0631\u06a9\u0627\u0631\u06cc \u0628\u0627 \u0642\u06cc\u0645\u062a\u06cc \u0645\u0646\u0627\u0633\u0628<\/p>\n<p>\u2705 \u0627\u062e\u0630 \u0646\u0645\u0627\u06cc\u0646\u062f\u06af\u06cc \u0641\u0631\u0648\u0634 \u0627\u0632 \u062a\u0648\u0644\u06cc\u062f \u06a9\u0646\u0646\u062f\u06af\u0627\u0646 \u0622\u0644\u0645\u0627\u0646\u06cc<\/p>\n<p>\u2705 \u0622\u0645\u0648\u0632\u0634 \u062a\u062e\u0635\u0635\u06cc \u0645\u06a9\u0627\u0644\u0645\u0627\u062a \u0648 \u0645\u06a9\u0627\u062a\u0628\u0627\u062a \u0628\u0627\u0632\u0631\u06af\u0627\u0646\u06cc \u062d\u0648\u0632\u0647 \u0628\u0627\u0632\u0631\u06af\u0627\u0646\u06cc \u0628\u0635\u0648\u0631\u062a \u06af\u0631\u0648\u0647\u06cc \u0648 \u0627\u0646\u0641\u0631\u0627\u062f\u06cc<\/p>\n<p>\u2705 \u0627\u062c\u0631\u0627\u06cc \u062a\u0628\u0644\u06cc\u063a\u0627\u062a \u0641\u0631\u0627\u0645\u0631\u0632\u06cc<\/p>\n<p>\u2705 \u067e\u06cc\u062f\u0627 \u06a9\u0631\u062f\u0646 \u0645\u0634\u062a\u0631\u06cc\u0627\u0646 \u062e\u0627\u0631\u062c\u06cc \u062c\u0647\u062a \u0627\u062e\u0630 \u0646\u0645\u0627\u06cc\u0646\u062f\u06af\u06cc \u0627\u0646\u062d\u0635\u0627\u0631\u06cc \u0645\u062d\u0635\u0648\u0644\u0627\u062a \u0634\u0645\u0627<\/p>\n<p>\u2705 \u0627\u062e\u0630 \u0644\u0627\u06cc\u0633\u0646\u0633 \u0627\u0632 \u062a\u0648\u0644\u06cc\u062f \u06a9\u0646\u0646\u062f\u06af\u0627\u0646 \u0627\u0631\u0648\u067e\u0627\u06cc\u06cc<\/p>\n<p>\u2705\u062a\u0647\u06cc\u0647 \u06a9\u0627\u0644\u0627\u06cc \u0645\u0648\u0631\u062f \u0646\u06cc\u0627\u0632 \u0634\u0645\u0627 \u0648 \u0648\u0627\u0631\u062f \u06a9\u0631\u062f\u0646 \u0622\u0646 \u0628\u0647 \u06a9\u0634\u0648\u0631<\/p>\n<p>\u2705 \u062b\u0628\u062a \u0646\u0627\u0645 \u062f\u0631 \u062f\u0627\u0646\u0634\u06af\u0627\u0647\u0647\u0627\u06cc \u0645\u0639\u062a\u0628\u0631 \u062e\u0627\u0631\u062c\u06cc \u0648 \u0645\u0648\u0631\u062f \u062a\u0627\u06cc\u06cc\u062f \u0648\u0632\u0627\u0631\u062a \u0639\u0644\u0648\u0645<\/p>\n<p>\u2705.\u06af\u0631\u062c\u0633\u062a\u0627\u0646 \u062f\u0627\u0631\u0627\u06cc \u0634\u0639\u0628\u0647 \u062f\u0631: \u0622\u0644\u0645\u0627\u0646.\u0686\u06cc\u0646.\u062a\u0631\u06a9\u06cc\u0647.\u0628\u0646\u06af\u0644\u0627\u062f\u0634.\u0639\u0631\u0627\u0642 .\u0633\u0648\u0631\u06cc\u0647<\/p>\n<p>\u0628\u0627\u0632\u0631\u06af\u0627\u0646\u06cc \u0622\u0648\u06cc\u0646\u0627 \u0646\u0645\u0627\u06cc\u0646\u062f\u0647 \u0627\u0646\u062d\u0635\u0627\u0631\u06cc \u0633\u0627\u06cc\u062a www.tradekey.com \u062f\u0631 \u0627\u06cc\u0631\u0627\u0646 \u0645\u06cc \u0628\u0627\u0634\u062f<\/p>\n<p>09396955324<\/p>\n<p>09124624684<\/p>\n<p>09127685726<\/p>\n<p>02146075349<\/p>\n<p>\u062a\u0647\u0631\u0627\u0646 \u2013 \u062e \u0634\u0631\u06cc\u0639\u062a\u06cc \u2013 \u0633\u0647 \u0631\u0627\u0647 \u0637\u0627\u0644\u0642\u0627\u0646\u06cc \u2013 \u06a9\u0648\u0686\u0647 \u0635\u062f\u06cc\u0642 \u067e\u0644\u0627\u06a9 2 \u0648\u0627\u062d\u062f 5<\/p>\n<p>\u06a9\u062f \u067e\u0633\u062a\u06cc 1561917418<\/p>\n<p><a href=\"mailto:info@avina.business\">info@avina.business<\/a><\/p>\n<p><a href=\"mailto:avinaIranbusiness@gmail.com\">avinaIranbusiness@gmail.com<\/a><\/p>\n<p><a href=\"https:\/\/www.linkedin.com\/in\/avina-trading-40a779201?lipi=urn%3Ali%3Apage%3Ad_flagship3_profile_view_base_contact_details%3BRlWwzLBpRhWWCih8Yg0Mwg%3D%3D\">linkedin.com\/in\/avina-trading-40a779201<\/a><\/p>\n<p>Instagram.com\/avinatraing<\/p>\n<p>T.me\/avinatrade<\/p>\n<p>My WeChat ID is\u00a0 avinatrading<\/p>\n<p>Skype: Avina trading<\/p>\n<h3>++++++++++++++++++++<\/h3>\n<h3><span style=\"color: #993300;\"><strong>\u0634\u0639\u0628\u0647 \u0628\u0627\u0632\u0631\u06af\u0627\u0646\u06cc \u0622\u0648\u06cc\u0646\u0627 \u062f\u0631 \u06a9\u0634\u0648\u0631 \u0686\u06cc\u0646<\/strong><\/span><\/h3>\n<p>Yongnan Road (south of Dahongmen Birdge ), Fengtai District 15no,<\/p>\n<p>\u5317\u4eac\u5e02\u4e30\u53f0\u533a\u6c38\u5357\u8def15\u53f7(\u5927\u7ea2\u95e8\u6865\u5357<\/p>\n<h3>+++++++++++++++++++++<\/h3>\n<h3><strong><span style=\"color: #993300;\">\u0634\u0639\u0628\u0647 \u0628\u0627\u0632\u0631\u06af\u0627\u0646\u06cc \u0622\u0648\u06cc\u0646\u0627 \u062f\u0631 \u06a9\u0634\u0648\u0631 \u0639\u0631\u0627\u0642<\/span><\/strong><\/h3>\n<p>\u0623\u062f\u0631\u0633 \u0634\u0631\u064a\u0643\u062a<\/p>\n<p>\u0639\u064a\u0631\u0627\u0642 \u0633\u0644\u064a\u0645\u0627\u0646\u064a\u0647 \u062e\u064a\u0627\u0628\u0627\u0646\u064a \u062e\u0628\u0627\u062a \u0631\u0648\u0648\u0628\u0631\u0648\u064a \u062a\u0631\u0645\u064a\u0646\u0627\u0644\u064a \u0634\u0627\u0631\u0647 \u0632\u0648\u0648\u0631\u0634\u0631\u064a\u0643\u062a \u062f\u0631\u0648\u064a<\/p>\n<p>\u0633\u06cc\u0627\u062d\u062a\u064a \u0648\u0628\u0627\u0632\u0631\u06af\u0627\u0646\u06cc<\/p>\n<p>\u0639\u064a\u0646\u0648\u0627\u0646 \u0634\u0631\u064a\u0643\u0629<\/p>\n<p>\u0639\u064a\u0631\u0627\u0642 \u0633\u0644\u064a\u0645\u0627\u0646\u064a\u0629 \u0634\u0627\u0631\u0639 \u062e\u0628\u0627\u062a \u0645\u0642\u0627\u0628\u064a\u0644 \u0643\u0631\u0627\u062c \u0634\u0647\u0631\u0647 \u0632\u0648\u0631 \u0634\u0631\u0643\u0629 \u062f\u0631\u0648\u064a<\/p>\n<p>\u0644\u0633\u06cc\u0627\u062d\u06d5 \u0648\u062a\u062c\u0627\u0631\u06d5\u0639\u0627\u0645\u06d5\u0645\u062d\u062f\u0648\u062f\u06d5<\/p>\n<p>\u0646\u0627\u0648\u0646\u064a\u0634\u0627\u0646\u06cc \u06a9\u0648\u0645\u067e\u0627\u0646\u06cc\u0627<\/p>\n<p>\u0639\u06ce\u0631\u0627\u0642 \u0633\u0644\u06cc\u0645\u0627\u0646\u06cc\u06d5 \u0634\u06d5\u0642\u0627\u0645\u06cc \u062e\u0628\u0627\u062a \u0695\u0648\u0628\u06d5\u0695\u0648\u06cc \u062a\u0631\u0645\u06cc\u0646\u0627\u06b5\u06cc \u0634\u0627\u0631\u06d5\u0632\u0648\u0648\u0631\u06a9\u0648\u067e\u0627\u0646\u06cc\u0627\u06cc \u062f\u0695\u0648\u06ce \u0628\u06c6\u06af\u06d5\u0634\u062a \u0648\u06af\u0648\u0632\u0627\u0631\u0648\u0628\u0627\u0632\u0631\u06af\u0627\u0646\u06cc \u06af\u0634\u062a\u06cc \u0633\u0646\u0648\u0631\u062f\u0627\u0631<\/p>\n<p>009647701540129<\/p>\n<p>009647501114441<\/p>\n<p>00964773<\/p>\n<p>\u0626\u06cc\u0645\u06cc\u06b5<\/p>\n<p>husenomer453@gmail.com<\/p>\n<h3>+++++++++++++++++++++<\/h3>\n<h3><strong><span style=\"color: #993300;\">\u0634\u0639\u0628\u0647 \u0628\u0627\u0632\u0631\u06af\u0627\u0646\u06cc \u0622\u0648\u06cc\u0646\u0627 \u062f\u0631 \u06a9\u0634\u0648\u0631 \u062a\u0631\u06a9\u06cc\u0647<\/span><\/strong><\/h3>\n<p>Isparta Turkey<\/p>\n<p>\u00c7\u00fcn\u00fcr mahallesi 253 Caddesi No:71-73A\/106<\/p>\n<p>32000 Isparta<\/p>\n<h3>++++++++++++++++++++<\/h3>\n<h3><strong><span style=\"color: #993300;\">\u0634\u0639\u0628\u0647 \u0628\u0627\u0632\u0631\u06af\u0627\u0646\u06cc \u0622\u0648\u06cc\u0646\u0627 \u062f\u0631 \u06a9\u0634\u0648\u0631 \u0633\u0648\u0631\u06cc\u0647<\/span><\/strong><\/h3>\n<p>Jaramana, Al Naseem str. Reif Damascus, Syria<\/p>\n<p>\u062c\u0631\u0645\u0627\u0646\u0627\u060c\u0634\u0627\u0631\u0639 \u0627\u0644\u0646\u0633\u064a\u0645\u060c \u0631\u064a\u0641 \u062f\u0645\u0634\u0642\u060c \u0633\u0648\u0631\u064a\u0627<\/p>\n<h3>++++++++++++++++++++<\/h3>\n<h3><strong><span style=\"color: #993300;\">\u0634\u0639\u0628\u0647 \u0628\u0627\u0632\u0631\u06af\u0627\u0646\u06cc \u0622\u0648\u06cc\u0646\u0627 \u062f\u0631 \u06a9\u0634\u0648\u0631 \u0628\u0646\u06af\u0644\u0627\u062f\u0634<\/span><\/strong><\/h3>\n<p>29,North Jatrabari,Ghaka-1204 Bangladesh<\/p>\n<p>\u0987\u0989\u09b0\u09cb \u0987\u09ae\u09cd\u09aa\u09c7\u0995\u09cd\u09b8 \u09ac\u09bf\u09a1\u09bf<\/p>\n<p>\u09b2\u09bf\u09df\u09be\u099c\u09cb \u0985\u09ab\u09bf\u09b8\u0983<\/p>\n<p>\u09e8\u09ef, \u0989\u09a4\u09cd\u09a4\u09b0 \u09af\u09be\u09a4\u09cd\u09b0\u09be\u09ac\u09be\u09dc\u09c0, \u09a2\u09be\u0995\u09be-\u09e7\u09e8\u09e6\u09ea, \u09ac\u09be\u0982\u09b2\u09be\u09a6\u09c7\u09b6\u0964<\/p>\n<p>\u0995\u09b0\u09cd\u09aa\u09cb\u09b0\u09c7\u099f \u0985\u09ab\u09bf\u09b8\u0983<\/p>\n<p>\u09b9\u09be\u0989\u099c \u09a8\u0982-\u09e7\u09e9<\/p>\n<p>\u09b0\u09cb\u09a1 \u09a8\u0982-\u09e6\u09e9<\/p>\n<p>\u09b8\u09c7\u0995\u09cd\u099f\u09b0-\u09e7\u09e8<\/p>\n<p>\u0989\u09a4\u09cd\u09a4\u09b0\u09be, \u09ac\u09be\u0982\u09b2\u09be\u09a6\u09c7\u09b6\u0964<\/p>\n<h3>++++++++++++++++++++<\/h3>\n<h3><strong><span style=\"color: #993300;\">\u0634\u0639\u0628\u0647 \u0628\u0627\u0632\u0631\u06af\u0627\u0646\u06cc \u0622\u0648\u06cc\u0646\u0627 \u062f\u0631 \u06a9\u0634\u0648\u0631 \u06af\u0631\u062c\u0633\u062a\u0627\u0646<\/span><\/strong><\/h3>\n<p>Tbilisi, ,, shardeni \u2018\u2019<\/p>\n<p>12 Kote Apkhazi str.<\/p>\n<p>\u062a\u0641\u0644\u06cc\u0633 \u0634\u0627\u0631\u062f\u0646\u06cc \u062e\u06cc\u0627\u0628\u0627\u0646 \u06a9\u0648\u062a \u0622\u067e\u062e\u0627\u0632\u06cc \u06f1\u06f2<\/p>\n<p>\u0423\u043b. \u041a\u043e\u0442\u0435 \u0430\u043f\u0445\u0430\u0437\u0438 12 \u0422\u0431\u0438\u043b\u0438\u0441\u0438, ,, \u0448\u0430\u0440\u0434\u0435\u043d\u0438 \u2018\u2019<\/p>\n<p>Whatsapp:+995555946049<\/p>\n<h3>++++++++++++++++++++<\/h3>\n<p>[\/vc_column_text][\/vc_column][\/vc_row]<\/p>\n","protected":false},"excerpt":{"rendered":"<p>[vc_row][vc_column][vc_column_text text_larger=&#8221;no&#8221;]\u062a\u062e\u0635\u0635 \u0645\u0627= \u067e\u06cc\u062f\u0627 \u06a9\u0631\u062f\u0646 \u0645\u0634\u062a\u0631\u06cc\u0627\u0646 \u062e\u0627\u0631\u062c\u06cc \u0628\u0627\u0632\u0631\u06af\u0627\u0646\u06cc \u0622\u0648\u06cc\u0646\u0627 \u0645\u062a\u062e\u0635\u0635 \u062f\u0631 \u0627\u0645\u0648\u0631 \u0628\u0627\u0632\u0631\u06af\u0627\u0646\u06cc \u0648\u200c \u062a\u062c\u0627\u0631\u06cc \u2705 \u0628\u0627\u0632\u0627\u0631\u06cc\u0627\u0628\u06cc \u062e\u0627\u0631\u062c\u06cc \u0645\u062d\u0635\u0648\u0644\u0627\u062a \u0634\u0645\u0627<\/p>\n","protected":false},"author":1,"featured_media":0,"parent":0,"menu_order":0,"comment_status":"closed","ping_status":"closed","template":"","meta":[],"_links":{"self":[{"href":"https:\/\/avina8.ir\/fa\/wp-json\/wp\/v2\/pages\/2266"}],"collection":[{"href":"https:\/\/avina8.ir\/fa\/wp-json\/wp\/v2\/pages"}],"about":[{"href":"https:\/\/avina8.ir\/fa\/wp-json\/wp\/v2\/types\/page"}],"author":[{"embeddable":true,"href":"https:\/\/avina8.ir\/fa\/wp-json\/wp\/v2\/users\/1"}],"replies":[{"embeddable":true,"href":"https:\/\/avina8.ir\/fa\/wp-json\/wp\/v2\/comments?post=2266"}],"version-history":[{"count":41,"href":"https:\/\/avina8.ir\/fa\/wp-json\/wp\/v2\/pages\/2266\/revisions"}],"predecessor-version":[{"id":3071,"href":"https:\/\/avina8.ir\/fa\/wp-json\/wp\/v2\/pages\/2266\/revisions\/3071"}],"wp:attachment":[{"href":"https:\/\/avina8.ir\/fa\/wp-json\/wp\/v2\/media?parent=2266"}],"curies":[{"name":"wp","href":"https:\/\/api.w.org\/{rel}","templated":true}]}}